{"id":1910,"date":"2024-12-18T17:18:26","date_gmt":"2024-12-19T01:18:26","guid":{"rendered":"https:\/\/smjatc.com\/?page_id=1910"},"modified":"2025-01-24T12:01:45","modified_gmt":"2025-01-24T17:01:45","slug":"privacy-policy","status":"publish","type":"page","link":"https:\/\/demo.smjatc.com\/es\/privacy-policy\/","title":{"rendered":"Pol\u00edtica de privacidad"},"content":{"rendered":"<div data-elementor-type=\"wp-page\" data-elementor-id=\"1910\" class=\"elementor elementor-1910\" data-elementor-post-type=\"page\">\n\t\t\t\t<div data-particle_enable=\"false\" data-particle-mobile-disabled=\"false\" class=\"elementor-element elementor-element-eb76336 e-flex e-con-boxed e-con e-parent\" data-id=\"eb76336\" data-element_type=\"container\" data-e-type=\"container\" id=\"sectionbox\" data-settings=\"{&quot;background_background&quot;:&quot;classic&quot;}\">\n\t\t\t\t\t<div class=\"e-con-inner\">\n\t\t<div data-particle_enable=\"false\" data-particle-mobile-disabled=\"false\" class=\"elementor-element elementor-element-6f28b46 e-con-full boxbox e-flex e-con e-child\" data-id=\"6f28b46\" data-element_type=\"container\" data-e-type=\"container\">\n\t\t\t\t<div class=\"elementor-element elementor-element-f372d20 elementor-widget elementor-widget-heading\" data-id=\"f372d20\" data-element_type=\"widget\" data-e-type=\"widget\" data-widget_type=\"heading.default\">\n\t\t\t\t<div class=\"elementor-widget-container\">\n\t\t\t\t\t<h1 class=\"elementor-heading-title elementor-size-default\">Pol\u00edtica de privacidad<\/h1>\t\t\t\t<\/div>\n\t\t\t\t<\/div>\n\t\t\t\t<div class=\"elementor-element elementor-element-c31ee05 elementor-widget elementor-widget-text-editor\" data-id=\"c31ee05\" data-element_type=\"widget\" data-e-type=\"widget\" data-widget_type=\"text-editor.default\">\n\t\t\t\t<div class=\"elementor-widget-container\">\n\t\t\t\t\t\t\t\t\t<p>Fecha de entrada en vigor: 1 de enero de 2025<\/p><p>SM JATC TEMPLATE (en adelante \"nosotros\", \"nos\" o \"nuestro\") respeta su privacidad y se compromete a proteger su informaci\u00f3n personal. Esta pol\u00edtica de privacidad describe c\u00f3mo recopilamos, utilizamos y protegemos sus datos cuando visita nuestro sitio web.<\/p><h4><strong>1. Informaci\u00f3n que recopilamos<\/strong><\/h4><p>Informaci\u00f3n personal: Cuando se pone en contacto con nosotros, se suscribe a los boletines o utiliza los formularios de nuestro sitio web, podemos recopilar su nombre, direcci\u00f3n de correo electr\u00f3nico, n\u00famero de tel\u00e9fono y otros datos que nos proporcione.<\/p><p>Informaci\u00f3n no personal: Recopilamos datos no identificables como el tipo de navegador, la informaci\u00f3n del dispositivo, la direcci\u00f3n IP y las p\u00e1ginas visitadas utilizando cookies y tecnolog\u00edas similares.<\/p><h4><strong>2. C\u00f3mo utilizamos su informaci\u00f3n<\/strong><\/h4><p>Podemos utilizar la informaci\u00f3n que recopilamos para:<\/p><ul><li>Responder a consultas o solicitudes.<\/li><li>Mejorar nuestro sitio web y la experiencia del usuario.<\/li><li>Enviar boletines o correos electr\u00f3nicos promocionales (con su consentimiento).<\/li><li>Supervise el tr\u00e1fico y las pautas de uso del sitio web.<\/li><\/ul><h4><strong>3. 3. Intercambio de informaci\u00f3n<\/strong><\/h4><p>No vendemos, alquilamos ni compartimos su informaci\u00f3n personal con terceros, salvo en la medida en que sea necesario para:<\/p><ul><li>Cumplir las obligaciones legales.<\/li><li>Proteger los derechos y la seguridad de nuestro sitio web o de los usuarios.<\/li><\/ul><h4><strong>4. Cookies<\/strong><\/h4><p>Nuestro sitio web utiliza cookies para mejorar su funcionalidad y hacer un seguimiento de su uso. Puede gestionar o desactivar las cookies a trav\u00e9s de la configuraci\u00f3n de su navegador.<\/p><h4><strong>5. Sus derechos<\/strong><\/h4><p>Tienes derecho a:<\/p><ul><li>Acceder a su informaci\u00f3n personal, actualizarla o eliminarla.<\/li><li>Optar por no recibir comunicaciones promocionales.<\/li><li>Solicite informaci\u00f3n sobre c\u00f3mo tratamos sus datos.<\/li><\/ul><h4><strong>6. Contacto<\/strong><\/h4><p>Si tiene alguna pregunta sobre esta Pol\u00edtica de privacidad, p\u00f3ngase en contacto con nosotros en:<\/p><p>email@email.com<br \/>555-555-1212<\/p>\t\t\t\t\t\t\t\t<\/div>\n\t\t\t\t<\/div>\n\t\t\t\t<\/div>\n\t\t\t\t\t<\/div>\n\t\t\t\t<\/div>\n\t\t\t\t<\/div>","protected":false},"excerpt":{"rendered":"<p>Privacy Policy Effective Date: January 1, 2025 (referred to as \u201cwe,\u201d \u201cus,\u201d or \u201cour\u201d) respects your privacy and is committed to protecting your personal information. This Privacy Policy outlines how [&hellip;]<\/p>\n","protected":false},"author":2,"featured_media":0,"parent":0,"menu_order":0,"comment_status":"closed","ping_status":"closed","template":"","meta":{"_price":"","_stock":"","_tribe_ticket_header":"","_tribe_default_ticket_provider":"","_tribe_ticket_capacity":"0","_ticket_start_date":"","_ticket_end_date":"","_tribe_ticket_show_description":"","_tribe_ticket_show_not_going":false,"_tribe_ticket_use_global_stock":"","_tribe_ticket_global_stock_level":"","_global_stock_mode":"","_global_stock_cap":"","_tribe_rsvp_for_event":"","_tribe_ticket_going_count":"","_tribe_ticket_not_going_count":"","_tribe_tickets_list":"[]","_tribe_ticket_has_attendee_info_fields":false,"footnotes":"","_tec_slr_enabled":"","_tec_slr_layout":""},"class_list":["post-1910","page","type-page","status-publish","hentry"],"yoast_head":"<!-- This site is optimized with the Yoast SEO plugin v27.4 - https:\/\/yoast.com\/product\/yoast-seo-wordpress\/ -->\n<title>Privacy Policy - SM JATC TEMPLATE<\/title>\n<meta name=\"robots\" content=\"index, follow, max-snippet:-1, max-image-preview:large, max-video-preview:-1\" \/>\n<link rel=\"canonical\" href=\"https:\/\/demo.smjatc.com\/es\/privacy-policy\/\" \/>\n<meta property=\"og:locale\" content=\"es_MX\" \/>\n<meta property=\"og:type\" content=\"article\" \/>\n<meta property=\"og:title\" content=\"Privacy Policy - SM JATC TEMPLATE\" \/>\n<meta property=\"og:description\" content=\"Privacy Policy Effective Date: January 1, 2025 (referred to as \u201cwe,\u201d \u201cus,\u201d or \u201cour\u201d) respects your privacy and is committed to protecting your personal information. This Privacy Policy outlines how [&hellip;]\" \/>\n<meta property=\"og:url\" content=\"https:\/\/demo.smjatc.com\/es\/privacy-policy\/\" \/>\n<meta property=\"og:site_name\" content=\"SM JATC TEMPLATE\" \/>\n<meta property=\"article:modified_time\" content=\"2025-01-24T17:01:45+00:00\" \/>\n<meta name=\"twitter:card\" content=\"summary_large_image\" \/>\n<meta name=\"twitter:label1\" content=\"Tiempo de lectura\" \/>\n\t<meta name=\"twitter:data1\" content=\"1 minuto\" \/>\n<script type=\"application\/ld+json\" class=\"yoast-schema-graph\">{\"@context\":\"https:\\\/\\\/schema.org\",\"@graph\":[{\"@type\":\"WebPage\",\"@id\":\"https:\\\/\\\/demo.smjatc.com\\\/privacy-policy\\\/\",\"url\":\"https:\\\/\\\/demo.smjatc.com\\\/privacy-policy\\\/\",\"name\":\"Privacy Policy - SM JATC TEMPLATE\",\"isPartOf\":{\"@id\":\"https:\\\/\\\/demo.smjatc.com\\\/#website\"},\"datePublished\":\"2024-12-19T01:18:26+00:00\",\"dateModified\":\"2025-01-24T17:01:45+00:00\",\"breadcrumb\":{\"@id\":\"https:\\\/\\\/demo.smjatc.com\\\/privacy-policy\\\/#breadcrumb\"},\"inLanguage\":\"es\",\"potentialAction\":[{\"@type\":\"ReadAction\",\"target\":[\"https:\\\/\\\/demo.smjatc.com\\\/privacy-policy\\\/\"]}]},{\"@type\":\"BreadcrumbList\",\"@id\":\"https:\\\/\\\/demo.smjatc.com\\\/privacy-policy\\\/#breadcrumb\",\"itemListElement\":[{\"@type\":\"ListItem\",\"position\":1,\"name\":\"Home\",\"item\":\"https:\\\/\\\/demo.smjatc.com\\\/\"},{\"@type\":\"ListItem\",\"position\":2,\"name\":\"Privacy Policy\"}]},{\"@type\":\"WebSite\",\"@id\":\"https:\\\/\\\/demo.smjatc.com\\\/#website\",\"url\":\"https:\\\/\\\/demo.smjatc.com\\\/\",\"name\":\"SM JATC TEMPLATE\",\"description\":\"Local 999\",\"publisher\":{\"@id\":\"https:\\\/\\\/demo.smjatc.com\\\/#organization\"},\"potentialAction\":[{\"@type\":\"SearchAction\",\"target\":{\"@type\":\"EntryPoint\",\"urlTemplate\":\"https:\\\/\\\/demo.smjatc.com\\\/?s={search_term_string}\"},\"query-input\":{\"@type\":\"PropertyValueSpecification\",\"valueRequired\":true,\"valueName\":\"search_term_string\"}}],\"inLanguage\":\"es\"},{\"@type\":\"Organization\",\"@id\":\"https:\\\/\\\/demo.smjatc.com\\\/#organization\",\"name\":\"SM JATC TEMPLATE\",\"url\":\"https:\\\/\\\/demo.smjatc.com\\\/\",\"logo\":{\"@type\":\"ImageObject\",\"inLanguage\":\"es\",\"@id\":\"https:\\\/\\\/demo.smjatc.com\\\/#\\\/schema\\\/logo\\\/image\\\/\",\"url\":\"https:\\\/\\\/demo.smjatc.com\\\/wp-content\\\/uploads\\\/jatc-logo-light.webp\",\"contentUrl\":\"https:\\\/\\\/demo.smjatc.com\\\/wp-content\\\/uploads\\\/jatc-logo-light.webp\",\"width\":600,\"height\":120,\"caption\":\"SM JATC TEMPLATE\"},\"image\":{\"@id\":\"https:\\\/\\\/demo.smjatc.com\\\/#\\\/schema\\\/logo\\\/image\\\/\"}}]}<\/script>\n<!-- \/ Yoast SEO plugin. -->","yoast_head_json":{"title":"Privacy Policy - SM JATC TEMPLATE","robots":{"index":"index","follow":"follow","max-snippet":"max-snippet:-1","max-image-preview":"max-image-preview:large","max-video-preview":"max-video-preview:-1"},"canonical":"https:\/\/demo.smjatc.com\/es\/privacy-policy\/","og_locale":"es_MX","og_type":"article","og_title":"Privacy Policy - SM JATC TEMPLATE","og_description":"Privacy Policy Effective Date: January 1, 2025 (referred to as \u201cwe,\u201d \u201cus,\u201d or \u201cour\u201d) respects your privacy and is committed to protecting your personal information. This Privacy Policy outlines how [&hellip;]","og_url":"https:\/\/demo.smjatc.com\/es\/privacy-policy\/","og_site_name":"SM JATC TEMPLATE","article_modified_time":"2025-01-24T17:01:45+00:00","twitter_card":"summary_large_image","twitter_misc":{"Tiempo de lectura":"1 minuto"},"schema":{"@context":"https:\/\/schema.org","@graph":[{"@type":"WebPage","@id":"https:\/\/demo.smjatc.com\/privacy-policy\/","url":"https:\/\/demo.smjatc.com\/privacy-policy\/","name":"Privacy Policy - SM JATC TEMPLATE","isPartOf":{"@id":"https:\/\/demo.smjatc.com\/#website"},"datePublished":"2024-12-19T01:18:26+00:00","dateModified":"2025-01-24T17:01:45+00:00","breadcrumb":{"@id":"https:\/\/demo.smjatc.com\/privacy-policy\/#breadcrumb"},"inLanguage":"es","potentialAction":[{"@type":"ReadAction","target":["https:\/\/demo.smjatc.com\/privacy-policy\/"]}]},{"@type":"BreadcrumbList","@id":"https:\/\/demo.smjatc.com\/privacy-policy\/#breadcrumb","itemListElement":[{"@type":"ListItem","position":1,"name":"Home","item":"https:\/\/demo.smjatc.com\/"},{"@type":"ListItem","position":2,"name":"Privacy Policy"}]},{"@type":"WebSite","@id":"https:\/\/demo.smjatc.com\/#website","url":"https:\/\/demo.smjatc.com\/","name":"PLANTILLA SM JATC","description":"Local 999","publisher":{"@id":"https:\/\/demo.smjatc.com\/#organization"},"potentialAction":[{"@type":"SearchAction","target":{"@type":"EntryPoint","urlTemplate":"https:\/\/demo.smjatc.com\/?s={search_term_string}"},"query-input":{"@type":"PropertyValueSpecification","valueRequired":true,"valueName":"search_term_string"}}],"inLanguage":"es"},{"@type":"Organization","@id":"https:\/\/demo.smjatc.com\/#organization","name":"PLANTILLA SM JATC","url":"https:\/\/demo.smjatc.com\/","logo":{"@type":"ImageObject","inLanguage":"es","@id":"https:\/\/demo.smjatc.com\/#\/schema\/logo\/image\/","url":"https:\/\/demo.smjatc.com\/wp-content\/uploads\/jatc-logo-light.webp","contentUrl":"https:\/\/demo.smjatc.com\/wp-content\/uploads\/jatc-logo-light.webp","width":600,"height":120,"caption":"SM JATC TEMPLATE"},"image":{"@id":"https:\/\/demo.smjatc.com\/#\/schema\/logo\/image\/"}}]}},"ticketed":false,"_links":{"self":[{"href":"https:\/\/demo.smjatc.com\/es\/wp-json\/wp\/v2\/pages\/1910","targetHints":{"allow":["GET"]}}],"collection":[{"href":"https:\/\/demo.smjatc.com\/es\/wp-json\/wp\/v2\/pages"}],"about":[{"href":"https:\/\/demo.smjatc.com\/es\/wp-json\/wp\/v2\/types\/page"}],"author":[{"embeddable":true,"href":"https:\/\/demo.smjatc.com\/es\/wp-json\/wp\/v2\/users\/2"}],"replies":[{"embeddable":true,"href":"https:\/\/demo.smjatc.com\/es\/wp-json\/wp\/v2\/comments?post=1910"}],"version-history":[{"count":20,"href":"https:\/\/demo.smjatc.com\/es\/wp-json\/wp\/v2\/pages\/1910\/revisions"}],"predecessor-version":[{"id":4505,"href":"https:\/\/demo.smjatc.com\/es\/wp-json\/wp\/v2\/pages\/1910\/revisions\/4505"}],"wp:attachment":[{"href":"https:\/\/demo.smjatc.com\/es\/wp-json\/wp\/v2\/media?parent=1910"}],"curies":[{"name":"wp","href":"https:\/\/api.w.org\/{rel}","templated":true}]}}