{"id":1913,"date":"2024-12-18T17:20:04","date_gmt":"2024-12-19T01:20:04","guid":{"rendered":"https:\/\/smjatc.com\/?page_id=1913"},"modified":"2025-01-24T12:06:21","modified_gmt":"2025-01-24T17:06:21","slug":"terms-of-use","status":"publish","type":"page","link":"https:\/\/demo.smjatc.com\/es\/terms-of-use\/","title":{"rendered":"Condiciones de uso"},"content":{"rendered":"<div data-elementor-type=\"wp-page\" data-elementor-id=\"1913\" class=\"elementor elementor-1913\" data-elementor-post-type=\"page\">\n\t\t\t\t<div data-particle_enable=\"false\" data-particle-mobile-disabled=\"false\" class=\"elementor-element elementor-element-30a242f e-flex e-con-boxed e-con e-parent\" data-id=\"30a242f\" data-element_type=\"container\" data-e-type=\"container\" data-settings=\"{&quot;background_background&quot;:&quot;classic&quot;}\">\n\t\t\t\t\t<div class=\"e-con-inner\">\n\t\t<div data-particle_enable=\"false\" data-particle-mobile-disabled=\"false\" class=\"elementor-element elementor-element-0f7db35 e-con-full boxbox e-flex e-con e-child\" data-id=\"0f7db35\" data-element_type=\"container\" data-e-type=\"container\">\n\t\t\t\t<div class=\"elementor-element elementor-element-88b3c56 elementor-widget elementor-widget-heading\" data-id=\"88b3c56\" data-element_type=\"widget\" data-e-type=\"widget\" data-widget_type=\"heading.default\">\n\t\t\t\t<div class=\"elementor-widget-container\">\n\t\t\t\t\t<h1 class=\"elementor-heading-title elementor-size-default\">Condiciones de uso<\/h1>\t\t\t\t<\/div>\n\t\t\t\t<\/div>\n\t\t\t\t<div class=\"elementor-element elementor-element-9626962 elementor-widget elementor-widget-text-editor\" data-id=\"9626962\" data-element_type=\"widget\" data-e-type=\"widget\" data-widget_type=\"text-editor.default\">\n\t\t\t\t<div class=\"elementor-widget-container\">\n\t\t\t\t\t\t\t\t\t<p>Fecha de entrada en vigor: 1 de enero de 2025<\/p><p>Bienvenido a SM JATC TEMPLATE (el \"Sitio Web\"). Al acceder o utilizar nuestro sitio web, usted acepta los siguientes t\u00e9rminos y condiciones. Si no est\u00e1 de acuerdo, le rogamos que no utilice el sitio web.<\/p><h4><strong>1. Uso del sitio web<\/strong><\/h4><p>Usted se compromete a utilizar este sitio web \u00fanicamente con fines l\u00edcitos. Usted no puede:<\/p><ul><li>Modificar, reproducir o distribuir contenidos sin autorizaci\u00f3n.<\/li><li>Utilizar el Sitio Web de forma que perjudique su funcionalidad o seguridad.<\/li><li>Intentar acceder sin autorizaci\u00f3n a cualquier parte del Sitio Web.<\/li><\/ul><h4><strong>2. 2. Propiedad intelectual<\/strong><\/h4><p>Todo el contenido de este sitio web, incluyendo texto, im\u00e1genes y dise\u00f1o, es propiedad de SM JATC TEMPLATE o de sus licenciantes y est\u00e1 protegido por las leyes de propiedad intelectual.<\/p><h4><strong>3. Limitaci\u00f3n de responsabilidad<\/strong><\/h4><p>SM JATC TEMPLATE no se hace responsable de ning\u00fan da\u00f1o derivado del uso de este sitio web o de su contenido.<\/p><h4><strong>4. Enlaces de terceros<\/strong><\/h4><p>Este sitio web puede contener enlaces a sitios web de terceros. No somos responsables de su contenido ni de sus pr\u00e1cticas de privacidad.<\/p><h4><strong>5. 5. Modificaci\u00f3n de las condiciones<\/strong><\/h4><p>Podemos actualizar estas Condiciones de uso en cualquier momento. El uso continuado del sitio web despu\u00e9s de los cambios significa su aceptaci\u00f3n.<\/p><h4><strong>6. Contacto<\/strong><\/h4><p>Si tiene alguna pregunta sobre estas Condiciones de uso, p\u00f3ngase en contacto con nosotros en:<\/p><p>email@email.com<br \/>555-555-1212<\/p>\t\t\t\t\t\t\t\t<\/div>\n\t\t\t\t<\/div>\n\t\t\t\t<\/div>\n\t\t\t\t\t<\/div>\n\t\t\t\t<\/div>\n\t\t\t\t<\/div>","protected":false},"excerpt":{"rendered":"<p>Terms of Use Effective Date: January 1, 2025 Welcome to (the &#8220;Website&#8221;). By accessing or using our Website, you agree to the following terms and conditions. If you do not [&hellip;]<\/p>\n","protected":false},"author":2,"featured_media":0,"parent":0,"menu_order":0,"comment_status":"closed","ping_status":"closed","template":"","meta":{"_price":"","_stock":"","_tribe_ticket_header":"","_tribe_default_ticket_provider":"","_tribe_ticket_capacity":"0","_ticket_start_date":"","_ticket_end_date":"","_tribe_ticket_show_description":"","_tribe_ticket_show_not_going":false,"_tribe_ticket_use_global_stock":"","_tribe_ticket_global_stock_level":"","_global_stock_mode":"","_global_stock_cap":"","_tribe_rsvp_for_event":"","_tribe_ticket_going_count":"","_tribe_ticket_not_going_count":"","_tribe_tickets_list":"[]","_tribe_ticket_has_attendee_info_fields":false,"footnotes":"","_tec_slr_enabled":"","_tec_slr_layout":""},"class_list":["post-1913","page","type-page","status-publish","hentry"],"yoast_head":"<!-- This site is optimized with the Yoast SEO plugin v27.4 - https:\/\/yoast.com\/product\/yoast-seo-wordpress\/ -->\n<title>Terms of Use - SM JATC TEMPLATE<\/title>\n<meta name=\"robots\" content=\"index, follow, max-snippet:-1, max-image-preview:large, max-video-preview:-1\" \/>\n<link rel=\"canonical\" href=\"https:\/\/demo.smjatc.com\/es\/terms-of-use\/\" \/>\n<meta property=\"og:locale\" content=\"es_MX\" \/>\n<meta property=\"og:type\" content=\"article\" \/>\n<meta property=\"og:title\" content=\"Terms of Use - SM JATC TEMPLATE\" \/>\n<meta property=\"og:description\" content=\"Terms of Use Effective Date: January 1, 2025 Welcome to (the &#8220;Website&#8221;). By accessing or using our Website, you agree to the following terms and conditions. If you do not [&hellip;]\" \/>\n<meta property=\"og:url\" content=\"https:\/\/demo.smjatc.com\/es\/terms-of-use\/\" \/>\n<meta property=\"og:site_name\" content=\"SM JATC TEMPLATE\" \/>\n<meta property=\"article:modified_time\" content=\"2025-01-24T17:06:21+00:00\" \/>\n<meta name=\"twitter:card\" content=\"summary_large_image\" \/>\n<meta name=\"twitter:label1\" content=\"Tiempo de lectura\" \/>\n\t<meta name=\"twitter:data1\" content=\"1 minuto\" \/>\n<script type=\"application\/ld+json\" class=\"yoast-schema-graph\">{\"@context\":\"https:\\\/\\\/schema.org\",\"@graph\":[{\"@type\":\"WebPage\",\"@id\":\"https:\\\/\\\/demo.smjatc.com\\\/terms-of-use\\\/\",\"url\":\"https:\\\/\\\/demo.smjatc.com\\\/terms-of-use\\\/\",\"name\":\"Terms of Use - SM JATC TEMPLATE\",\"isPartOf\":{\"@id\":\"https:\\\/\\\/demo.smjatc.com\\\/#website\"},\"datePublished\":\"2024-12-19T01:20:04+00:00\",\"dateModified\":\"2025-01-24T17:06:21+00:00\",\"breadcrumb\":{\"@id\":\"https:\\\/\\\/demo.smjatc.com\\\/terms-of-use\\\/#breadcrumb\"},\"inLanguage\":\"es\",\"potentialAction\":[{\"@type\":\"ReadAction\",\"target\":[\"https:\\\/\\\/demo.smjatc.com\\\/terms-of-use\\\/\"]}]},{\"@type\":\"BreadcrumbList\",\"@id\":\"https:\\\/\\\/demo.smjatc.com\\\/terms-of-use\\\/#breadcrumb\",\"itemListElement\":[{\"@type\":\"ListItem\",\"position\":1,\"name\":\"Home\",\"item\":\"https:\\\/\\\/demo.smjatc.com\\\/\"},{\"@type\":\"ListItem\",\"position\":2,\"name\":\"Terms of Use\"}]},{\"@type\":\"WebSite\",\"@id\":\"https:\\\/\\\/demo.smjatc.com\\\/#website\",\"url\":\"https:\\\/\\\/demo.smjatc.com\\\/\",\"name\":\"SM JATC TEMPLATE\",\"description\":\"Local 999\",\"publisher\":{\"@id\":\"https:\\\/\\\/demo.smjatc.com\\\/#organization\"},\"potentialAction\":[{\"@type\":\"SearchAction\",\"target\":{\"@type\":\"EntryPoint\",\"urlTemplate\":\"https:\\\/\\\/demo.smjatc.com\\\/?s={search_term_string}\"},\"query-input\":{\"@type\":\"PropertyValueSpecification\",\"valueRequired\":true,\"valueName\":\"search_term_string\"}}],\"inLanguage\":\"es\"},{\"@type\":\"Organization\",\"@id\":\"https:\\\/\\\/demo.smjatc.com\\\/#organization\",\"name\":\"SM JATC TEMPLATE\",\"url\":\"https:\\\/\\\/demo.smjatc.com\\\/\",\"logo\":{\"@type\":\"ImageObject\",\"inLanguage\":\"es\",\"@id\":\"https:\\\/\\\/demo.smjatc.com\\\/#\\\/schema\\\/logo\\\/image\\\/\",\"url\":\"https:\\\/\\\/demo.smjatc.com\\\/wp-content\\\/uploads\\\/jatc-logo-light.webp\",\"contentUrl\":\"https:\\\/\\\/demo.smjatc.com\\\/wp-content\\\/uploads\\\/jatc-logo-light.webp\",\"width\":600,\"height\":120,\"caption\":\"SM JATC TEMPLATE\"},\"image\":{\"@id\":\"https:\\\/\\\/demo.smjatc.com\\\/#\\\/schema\\\/logo\\\/image\\\/\"}}]}<\/script>\n<!-- \/ Yoast SEO plugin. -->","yoast_head_json":{"title":"Terms of Use - SM JATC TEMPLATE","robots":{"index":"index","follow":"follow","max-snippet":"max-snippet:-1","max-image-preview":"max-image-preview:large","max-video-preview":"max-video-preview:-1"},"canonical":"https:\/\/demo.smjatc.com\/es\/terms-of-use\/","og_locale":"es_MX","og_type":"article","og_title":"Terms of Use - SM JATC TEMPLATE","og_description":"Terms of Use Effective Date: January 1, 2025 Welcome to (the &#8220;Website&#8221;). By accessing or using our Website, you agree to the following terms and conditions. If you do not [&hellip;]","og_url":"https:\/\/demo.smjatc.com\/es\/terms-of-use\/","og_site_name":"SM JATC TEMPLATE","article_modified_time":"2025-01-24T17:06:21+00:00","twitter_card":"summary_large_image","twitter_misc":{"Tiempo de lectura":"1 minuto"},"schema":{"@context":"https:\/\/schema.org","@graph":[{"@type":"WebPage","@id":"https:\/\/demo.smjatc.com\/terms-of-use\/","url":"https:\/\/demo.smjatc.com\/terms-of-use\/","name":"Terms of Use - SM JATC TEMPLATE","isPartOf":{"@id":"https:\/\/demo.smjatc.com\/#website"},"datePublished":"2024-12-19T01:20:04+00:00","dateModified":"2025-01-24T17:06:21+00:00","breadcrumb":{"@id":"https:\/\/demo.smjatc.com\/terms-of-use\/#breadcrumb"},"inLanguage":"es","potentialAction":[{"@type":"ReadAction","target":["https:\/\/demo.smjatc.com\/terms-of-use\/"]}]},{"@type":"BreadcrumbList","@id":"https:\/\/demo.smjatc.com\/terms-of-use\/#breadcrumb","itemListElement":[{"@type":"ListItem","position":1,"name":"Home","item":"https:\/\/demo.smjatc.com\/"},{"@type":"ListItem","position":2,"name":"Terms of Use"}]},{"@type":"WebSite","@id":"https:\/\/demo.smjatc.com\/#website","url":"https:\/\/demo.smjatc.com\/","name":"PLANTILLA SM JATC","description":"Local 999","publisher":{"@id":"https:\/\/demo.smjatc.com\/#organization"},"potentialAction":[{"@type":"SearchAction","target":{"@type":"EntryPoint","urlTemplate":"https:\/\/demo.smjatc.com\/?s={search_term_string}"},"query-input":{"@type":"PropertyValueSpecification","valueRequired":true,"valueName":"search_term_string"}}],"inLanguage":"es"},{"@type":"Organization","@id":"https:\/\/demo.smjatc.com\/#organization","name":"PLANTILLA SM JATC","url":"https:\/\/demo.smjatc.com\/","logo":{"@type":"ImageObject","inLanguage":"es","@id":"https:\/\/demo.smjatc.com\/#\/schema\/logo\/image\/","url":"https:\/\/demo.smjatc.com\/wp-content\/uploads\/jatc-logo-light.webp","contentUrl":"https:\/\/demo.smjatc.com\/wp-content\/uploads\/jatc-logo-light.webp","width":600,"height":120,"caption":"SM JATC TEMPLATE"},"image":{"@id":"https:\/\/demo.smjatc.com\/#\/schema\/logo\/image\/"}}]}},"ticketed":false,"_links":{"self":[{"href":"https:\/\/demo.smjatc.com\/es\/wp-json\/wp\/v2\/pages\/1913","targetHints":{"allow":["GET"]}}],"collection":[{"href":"https:\/\/demo.smjatc.com\/es\/wp-json\/wp\/v2\/pages"}],"about":[{"href":"https:\/\/demo.smjatc.com\/es\/wp-json\/wp\/v2\/types\/page"}],"author":[{"embeddable":true,"href":"https:\/\/demo.smjatc.com\/es\/wp-json\/wp\/v2\/users\/2"}],"replies":[{"embeddable":true,"href":"https:\/\/demo.smjatc.com\/es\/wp-json\/wp\/v2\/comments?post=1913"}],"version-history":[{"count":16,"href":"https:\/\/demo.smjatc.com\/es\/wp-json\/wp\/v2\/pages\/1913\/revisions"}],"predecessor-version":[{"id":4520,"href":"https:\/\/demo.smjatc.com\/es\/wp-json\/wp\/v2\/pages\/1913\/revisions\/4520"}],"wp:attachment":[{"href":"https:\/\/demo.smjatc.com\/es\/wp-json\/wp\/v2\/media?parent=1913"}],"curies":[{"name":"wp","href":"https:\/\/api.w.org\/{rel}","templated":true}]}}