{"id":4773,"date":"2025-01-28T13:12:34","date_gmt":"2025-01-28T18:12:34","guid":{"rendered":"http:\/\/demo.smjatc.com\/?page_id=4773"},"modified":"2025-04-24T12:57:27","modified_gmt":"2025-04-24T16:57:27","slug":"equal-employment-opportunity-pledge","status":"publish","type":"page","link":"https:\/\/demo.smjatc.com\/es\/equal-employment-opportunity-pledge\/","title":{"rendered":"Compromiso de igualdad de oportunidades en el empleo"},"content":{"rendered":"<div data-elementor-type=\"wp-page\" data-elementor-id=\"4773\" class=\"elementor elementor-4773\" data-elementor-post-type=\"page\">\n\t\t\t\t<div data-particle_enable=\"false\" data-particle-mobile-disabled=\"false\" class=\"elementor-element elementor-element-6c1b83c e-flex e-con-boxed e-con e-parent\" data-id=\"6c1b83c\" data-element_type=\"container\" data-e-type=\"container\" data-settings=\"{&quot;background_background&quot;:&quot;classic&quot;}\">\n\t\t\t\t\t<div class=\"e-con-inner\">\n\t\t<div data-particle_enable=\"false\" data-particle-mobile-disabled=\"false\" class=\"elementor-element elementor-element-fe7e1a6 e-con-full boxbox e-flex e-con e-child\" data-id=\"fe7e1a6\" data-element_type=\"container\" data-e-type=\"container\">\n\t\t\t\t<div class=\"elementor-element elementor-element-7c3641d elementor-widget elementor-widget-heading\" data-id=\"7c3641d\" data-element_type=\"widget\" data-e-type=\"widget\" data-widget_type=\"heading.default\">\n\t\t\t\t<div class=\"elementor-widget-container\">\n\t\t\t\t\t<h1 class=\"elementor-heading-title elementor-size-default\">Compromiso de igualdad de oportunidades en el empleo\n<\/h1>\t\t\t\t<\/div>\n\t\t\t\t<\/div>\n\t\t\t\t<div class=\"elementor-element elementor-element-ad2a785 elementor-widget elementor-widget-text-editor\" data-id=\"ad2a785\" data-element_type=\"widget\" data-e-type=\"widget\" data-widget_type=\"text-editor.default\">\n\t\t\t\t<div class=\"elementor-widget-container\">\n\t\t\t\t\t\t\t\t\t<p>SM JATC TEMPLATE no discrimina a los solicitantes de aprendizaje, aprendices o miembros por motivos de raza, color, religi\u00f3n, origen nacional, sexo (incluido el embarazo y la identidad de g\u00e9nero), orientaci\u00f3n sexual, condici\u00f3n de veterano o condici\u00f3n de discapacidad para las personas de 18 a\u00f1os de edad o m\u00e1s. SM JATC TEMPLATE toma activamente acciones afirmativas para asegurar la igualdad de oportunidades en su programa de aprendizaje, operando en total conformidad con este Plan y el T\u00edtulo 29 CFR, parte 30.<\/p>\t\t\t\t\t\t\t\t<\/div>\n\t\t\t\t<\/div>\n\t\t\t\t<\/div>\n\t\t\t\t\t<\/div>\n\t\t\t\t<\/div>\n\t\t\t\t<\/div>","protected":false},"excerpt":{"rendered":"<p>Equal Employment Opportunity Pledge does not discriminate against apprenticeship applicants, apprentices, or members based on race, color, religion, national origin, sex (including pregnancy and gender identity), sexual orientation, veteran status, [&hellip;]<\/p>\n","protected":false},"author":2,"featured_media":0,"parent":0,"menu_order":0,"comment_status":"closed","ping_status":"closed","template":"","meta":{"_price":"","_stock":"","_tribe_ticket_header":"","_tribe_default_ticket_provider":"","_tribe_ticket_capacity":"0","_ticket_start_date":"","_ticket_end_date":"","_tribe_ticket_show_description":"","_tribe_ticket_show_not_going":false,"_tribe_ticket_use_global_stock":"","_tribe_ticket_global_stock_level":"","_global_stock_mode":"","_global_stock_cap":"","_tribe_rsvp_for_event":"","_tribe_ticket_going_count":"","_tribe_ticket_not_going_count":"","_tribe_tickets_list":"[]","_tribe_ticket_has_attendee_info_fields":false,"footnotes":"","_tec_slr_enabled":"","_tec_slr_layout":""},"class_list":["post-4773","page","type-page","status-publish","hentry"],"yoast_head":"<!-- This site is optimized with the Yoast SEO plugin v27.4 - https:\/\/yoast.com\/product\/yoast-seo-wordpress\/ -->\n<title>Equal Employment Opportunity Pledge - SM JATC TEMPLATE<\/title>\n<meta name=\"robots\" content=\"index, follow, max-snippet:-1, max-image-preview:large, max-video-preview:-1\" \/>\n<link rel=\"canonical\" href=\"https:\/\/demo.smjatc.com\/es\/equal-employment-opportunity-pledge\/\" \/>\n<meta property=\"og:locale\" content=\"es_MX\" \/>\n<meta property=\"og:type\" content=\"article\" \/>\n<meta property=\"og:title\" content=\"Equal Employment Opportunity Pledge - SM JATC TEMPLATE\" \/>\n<meta property=\"og:description\" content=\"Equal Employment Opportunity Pledge does not discriminate against apprenticeship applicants, apprentices, or members based on race, color, religion, national origin, sex (including pregnancy and gender identity), sexual orientation, veteran status, [&hellip;]\" \/>\n<meta property=\"og:url\" content=\"https:\/\/demo.smjatc.com\/es\/equal-employment-opportunity-pledge\/\" \/>\n<meta property=\"og:site_name\" content=\"SM JATC TEMPLATE\" \/>\n<meta property=\"article:modified_time\" content=\"2025-04-24T16:57:27+00:00\" \/>\n<meta name=\"twitter:card\" content=\"summary_large_image\" \/>\n<script type=\"application\/ld+json\" class=\"yoast-schema-graph\">{\"@context\":\"https:\\\/\\\/schema.org\",\"@graph\":[{\"@type\":\"WebPage\",\"@id\":\"https:\\\/\\\/demo.smjatc.com\\\/equal-employment-opportunity-pledge\\\/\",\"url\":\"https:\\\/\\\/demo.smjatc.com\\\/equal-employment-opportunity-pledge\\\/\",\"name\":\"Equal Employment Opportunity Pledge - SM JATC TEMPLATE\",\"isPartOf\":{\"@id\":\"https:\\\/\\\/demo.smjatc.com\\\/#website\"},\"datePublished\":\"2025-01-28T18:12:34+00:00\",\"dateModified\":\"2025-04-24T16:57:27+00:00\",\"breadcrumb\":{\"@id\":\"https:\\\/\\\/demo.smjatc.com\\\/equal-employment-opportunity-pledge\\\/#breadcrumb\"},\"inLanguage\":\"es\",\"potentialAction\":[{\"@type\":\"ReadAction\",\"target\":[\"https:\\\/\\\/demo.smjatc.com\\\/equal-employment-opportunity-pledge\\\/\"]}]},{\"@type\":\"BreadcrumbList\",\"@id\":\"https:\\\/\\\/demo.smjatc.com\\\/equal-employment-opportunity-pledge\\\/#breadcrumb\",\"itemListElement\":[{\"@type\":\"ListItem\",\"position\":1,\"name\":\"Home\",\"item\":\"https:\\\/\\\/demo.smjatc.com\\\/\"},{\"@type\":\"ListItem\",\"position\":2,\"name\":\"Equal Employment Opportunity Pledge\"}]},{\"@type\":\"WebSite\",\"@id\":\"https:\\\/\\\/demo.smjatc.com\\\/#website\",\"url\":\"https:\\\/\\\/demo.smjatc.com\\\/\",\"name\":\"SM JATC TEMPLATE\",\"description\":\"Local 999\",\"publisher\":{\"@id\":\"https:\\\/\\\/demo.smjatc.com\\\/#organization\"},\"potentialAction\":[{\"@type\":\"SearchAction\",\"target\":{\"@type\":\"EntryPoint\",\"urlTemplate\":\"https:\\\/\\\/demo.smjatc.com\\\/?s={search_term_string}\"},\"query-input\":{\"@type\":\"PropertyValueSpecification\",\"valueRequired\":true,\"valueName\":\"search_term_string\"}}],\"inLanguage\":\"es\"},{\"@type\":\"Organization\",\"@id\":\"https:\\\/\\\/demo.smjatc.com\\\/#organization\",\"name\":\"SM JATC TEMPLATE\",\"url\":\"https:\\\/\\\/demo.smjatc.com\\\/\",\"logo\":{\"@type\":\"ImageObject\",\"inLanguage\":\"es\",\"@id\":\"https:\\\/\\\/demo.smjatc.com\\\/#\\\/schema\\\/logo\\\/image\\\/\",\"url\":\"https:\\\/\\\/demo.smjatc.com\\\/wp-content\\\/uploads\\\/jatc-logo-light.webp\",\"contentUrl\":\"https:\\\/\\\/demo.smjatc.com\\\/wp-content\\\/uploads\\\/jatc-logo-light.webp\",\"width\":600,\"height\":120,\"caption\":\"SM JATC TEMPLATE\"},\"image\":{\"@id\":\"https:\\\/\\\/demo.smjatc.com\\\/#\\\/schema\\\/logo\\\/image\\\/\"}}]}<\/script>\n<!-- \/ Yoast SEO plugin. -->","yoast_head_json":{"title":"Equal Employment Opportunity Pledge - SM JATC TEMPLATE","robots":{"index":"index","follow":"follow","max-snippet":"max-snippet:-1","max-image-preview":"max-image-preview:large","max-video-preview":"max-video-preview:-1"},"canonical":"https:\/\/demo.smjatc.com\/es\/equal-employment-opportunity-pledge\/","og_locale":"es_MX","og_type":"article","og_title":"Equal Employment Opportunity Pledge - SM JATC TEMPLATE","og_description":"Equal Employment Opportunity Pledge does not discriminate against apprenticeship applicants, apprentices, or members based on race, color, religion, national origin, sex (including pregnancy and gender identity), sexual orientation, veteran status, [&hellip;]","og_url":"https:\/\/demo.smjatc.com\/es\/equal-employment-opportunity-pledge\/","og_site_name":"SM JATC TEMPLATE","article_modified_time":"2025-04-24T16:57:27+00:00","twitter_card":"summary_large_image","schema":{"@context":"https:\/\/schema.org","@graph":[{"@type":"WebPage","@id":"https:\/\/demo.smjatc.com\/equal-employment-opportunity-pledge\/","url":"https:\/\/demo.smjatc.com\/equal-employment-opportunity-pledge\/","name":"Equal Employment Opportunity Pledge - SM JATC TEMPLATE","isPartOf":{"@id":"https:\/\/demo.smjatc.com\/#website"},"datePublished":"2025-01-28T18:12:34+00:00","dateModified":"2025-04-24T16:57:27+00:00","breadcrumb":{"@id":"https:\/\/demo.smjatc.com\/equal-employment-opportunity-pledge\/#breadcrumb"},"inLanguage":"es","potentialAction":[{"@type":"ReadAction","target":["https:\/\/demo.smjatc.com\/equal-employment-opportunity-pledge\/"]}]},{"@type":"BreadcrumbList","@id":"https:\/\/demo.smjatc.com\/equal-employment-opportunity-pledge\/#breadcrumb","itemListElement":[{"@type":"ListItem","position":1,"name":"Home","item":"https:\/\/demo.smjatc.com\/"},{"@type":"ListItem","position":2,"name":"Equal Employment Opportunity Pledge"}]},{"@type":"WebSite","@id":"https:\/\/demo.smjatc.com\/#website","url":"https:\/\/demo.smjatc.com\/","name":"PLANTILLA SM JATC","description":"Local 999","publisher":{"@id":"https:\/\/demo.smjatc.com\/#organization"},"potentialAction":[{"@type":"SearchAction","target":{"@type":"EntryPoint","urlTemplate":"https:\/\/demo.smjatc.com\/?s={search_term_string}"},"query-input":{"@type":"PropertyValueSpecification","valueRequired":true,"valueName":"search_term_string"}}],"inLanguage":"es"},{"@type":"Organization","@id":"https:\/\/demo.smjatc.com\/#organization","name":"PLANTILLA SM JATC","url":"https:\/\/demo.smjatc.com\/","logo":{"@type":"ImageObject","inLanguage":"es","@id":"https:\/\/demo.smjatc.com\/#\/schema\/logo\/image\/","url":"https:\/\/demo.smjatc.com\/wp-content\/uploads\/jatc-logo-light.webp","contentUrl":"https:\/\/demo.smjatc.com\/wp-content\/uploads\/jatc-logo-light.webp","width":600,"height":120,"caption":"SM JATC TEMPLATE"},"image":{"@id":"https:\/\/demo.smjatc.com\/#\/schema\/logo\/image\/"}}]}},"ticketed":false,"_links":{"self":[{"href":"https:\/\/demo.smjatc.com\/es\/wp-json\/wp\/v2\/pages\/4773","targetHints":{"allow":["GET"]}}],"collection":[{"href":"https:\/\/demo.smjatc.com\/es\/wp-json\/wp\/v2\/pages"}],"about":[{"href":"https:\/\/demo.smjatc.com\/es\/wp-json\/wp\/v2\/types\/page"}],"author":[{"embeddable":true,"href":"https:\/\/demo.smjatc.com\/es\/wp-json\/wp\/v2\/users\/2"}],"replies":[{"embeddable":true,"href":"https:\/\/demo.smjatc.com\/es\/wp-json\/wp\/v2\/comments?post=4773"}],"version-history":[{"count":10,"href":"https:\/\/demo.smjatc.com\/es\/wp-json\/wp\/v2\/pages\/4773\/revisions"}],"predecessor-version":[{"id":5398,"href":"https:\/\/demo.smjatc.com\/es\/wp-json\/wp\/v2\/pages\/4773\/revisions\/5398"}],"wp:attachment":[{"href":"https:\/\/demo.smjatc.com\/es\/wp-json\/wp\/v2\/media?parent=4773"}],"curies":[{"name":"wp","href":"https:\/\/api.w.org\/{rel}","templated":true}]}}